{"id":633,"date":"2014-03-17T19:06:18","date_gmt":"2014-03-17T17:06:18","guid":{"rendered":"http:\/\/www.urv-eberstalzell.at\/?page_id=633"},"modified":"2025-04-26T11:16:08","modified_gmt":"2025-04-26T09:16:08","slug":"impressum","status":"publish","type":"page","link":"https:\/\/www.urv-eberstalzell.at\/?page_id=633","title":{"rendered":"IMPRESSUM"},"content":{"rendered":"<p style=\"text-align: justify;\"><strong>URV Eberstalzell\u00a0\u00a0\u00a0<\/strong><br \/>\nZVR: 827067023<\/p>\n<p style=\"text-align: justify;\">Obfrau Angelika Irndorfer<b><br \/>\n<\/b>Sch\u00f6rbergerstra\u00dfe 21<br \/>\n4653 Eberstalzell<b><br \/>\n<\/b>Tel.: 0664\/4414073<br \/>\nMail: <a title=\"mailto:urv.eberstalzell@yahoo.com\" href=\"mailto:office@urv-eberstalzell.at\">office@urv-eberstalzell.at<\/a><\/p>\n<p style=\"text-align: justify;\"><strong>Legal Statement &amp; Copyright<\/strong><\/p>\n<p style=\"text-align: justify;\">Der gesamte Inhalt der\u00a0<strong>URV Eberstalzell <\/strong>Website (Alle Daten und Bilder) \u00a0ist urheberrechtlich gesch\u00fctzt (alle Rechte vorbehalten). Das Herunterladen oder Drucken einzelner Seiten und\/oder Teilbereiche der Website ist nur mit schriftlicher Genehmigung des\u00a0<strong>URV Eberstalzell <\/strong>genehmigt.\u00a0 Jede Bearbeitung, Vervielf\u00e4ltigung, Verbreitung und\/oder \u00f6ffentliche Wiedergabe, unabh\u00e4ngig vom verwendeten Medium stellt einen Urheberrechtsversto\u00df dar. Das (vollst\u00e4ndige oder teilweise) Reproduzieren, \u00dcbermitteln (elektronisch oder mit anderen Mitteln), Modifizieren, Verkn\u00fcpfen oder Benutzen der Website f\u00fcr \u00f6ffentliche oder kommerzielle Zwecke ist ohne vorherige schriftliche Zustimmung des\u00a0<strong>URV Eberstalzell <\/strong>untersagt.<\/p>\n<p style=\"text-align: justify;\">F\u00fcr die Richtigkeit der \u00fcber die Website verbreiteten Informationen und Ansichten wird keine Gew\u00e4hr geleistet, weder ausdr\u00fccklich noch impliziert. Der\u00a0<strong>URV Eberstalzell <\/strong>haftet\u00a0in keinem Fall f\u00fcr Verluste oder Sch\u00e4den irgendwelcher Art. (Fahrl\u00e4ssigkeit uneingeschr\u00e4nkt eingeschlossen)<\/p>\n<p style=\"text-align: justify;\">Diese Website benutzt eventuell Cookies, Textdateien, die auf Ihrem Computer gespeichert werden und die eine Analyse der Benutzung der Website durch Sie erm\u00f6glicht. Die durch den Cookie erzeugten Informationen \u00fcber Ihre Benutzung dieser Website (einschlie\u00dflich Ihrer IP-Adresse) werden an den Server \u00fcbertragen und dort gespeichert. Sie k\u00f6nnen die Installation der Cookies durch eine entsprechende Einstellung Ihrer Browser Software verhindern; wir weisen Sie jedoch darauf hin, dass Sie in diesem Fall gegebenenfalls nicht s\u00e4mtliche Funktionen dieser Website voll umf\u00e4nglich nutzen k\u00f6nnen.<\/p>\n<p style=\"text-align: justify;\">Zur weiteren Vereinfachung und besseren Lesbarkeit wurde auf geschlechtsspezifische Unterscheidung gro\u00dfteils verzichtet. Die Verwendung der m\u00e4nnlichen Form schlie\u00dft die weibliche Form mit ein und beinhaltet keinerlei Wertung.<\/p>\n<p style=\"text-align: justify;\">Wenn Sie bestimmte Verkn\u00fcpfungen (Links) auf der Website aktivieren, verlassen Sie unter Umst\u00e4nden die Website. Der\u00a0<strong>URV Eberstalzell <\/strong>hat die anderen mit der Website verkn\u00fcpften Sites nicht gepr\u00fcft und \u00fcbernimmt f\u00fcr deren Inhalte, den darauf angebotenen Produkten, Dienstleistungen oder sonstigen Angeboten keine Verantwortung.<\/p>\n<p style=\"text-align: justify;\"><strong>Datenschutz<\/strong><\/p>\n<p style=\"text-align: justify;\">Der Nutzung von im Rahmen der Impressumspflicht ver\u00f6ffentlichten Kontaktdaten durch Dritte zur \u00dcbersendung von nicht ausdr\u00fccklich angeforderter Werbung und Informationsmaterialien wird hiermit ausdr\u00fccklich widersprochen. Die Betreiber der Seiten behalten sich ausdr\u00fccklich rechtliche Schritte im Falle der unverlangten Zusendung von Werbeinformationen, etwa durch Spam-Mails, vor.<\/p>\n","protected":false},"excerpt":{"rendered":"<p>URV Eberstalzell\u00a0\u00a0\u00a0 ZVR: 827067023 Obfrau Angelika Irndorfer Sch\u00f6rbergerstra\u00dfe 21 4653 Eberstalzell Tel.: 0664\/4414073 Mail: office@urv-eberstalzell.at Legal Statement &amp; Copyright Der gesamte Inhalt der\u00a0URV Eberstalzell Website (Alle Daten und Bilder) \u00a0ist urheberrechtlich gesch\u00fctzt (alle Rechte vorbehalten). Das Herunterladen oder Drucken einzelner Seiten und\/oder Teilbereiche der Website ist nur mit schriftlicher Genehmigung des\u00a0URV Eberstalzell genehmigt.\u00a0 Jede Bearbeitung, [&hellip;]<\/p>\n","protected":false},"author":1,"featured_media":0,"parent":0,"menu_order":7,"comment_status":"closed","ping_status":"closed","template":"","meta":{"footnotes":""},"class_list":["post-633","page","type-page","status-publish","hentry"],"yoast_head":"<!-- This site is optimized with the Yoast SEO plugin v25.1 - https:\/\/yoast.com\/wordpress\/plugins\/seo\/ -->\n<title>IMPRESSUM - URV Eberstalzell<\/title>\n<meta name=\"description\" content=\"Union Reitverein Eberstalzell\" \/>\n<meta name=\"robots\" content=\"noindex, follow\" \/>\n<meta property=\"og:locale\" content=\"de_DE\" \/>\n<meta property=\"og:type\" content=\"article\" \/>\n<meta property=\"og:title\" content=\"IMPRESSUM - URV Eberstalzell\" \/>\n<meta property=\"og:description\" content=\"Union Reitverein Eberstalzell\" \/>\n<meta property=\"og:url\" content=\"https:\/\/www.urv-eberstalzell.at\/?page_id=633\" \/>\n<meta property=\"og:site_name\" content=\"URV Eberstalzell\" \/>\n<meta property=\"article:modified_time\" content=\"2025-04-26T09:16:08+00:00\" \/>\n<meta name=\"twitter:label1\" content=\"Gesch\u00e4tzte Lesezeit\" \/>\n\t<meta name=\"twitter:data1\" content=\"2\u00a0Minuten\" \/>\n<script type=\"application\/ld+json\" class=\"yoast-schema-graph\">{\"@context\":\"https:\/\/schema.org\",\"@graph\":[{\"@type\":\"WebPage\",\"@id\":\"https:\/\/www.urv-eberstalzell.at\/?page_id=633\",\"url\":\"https:\/\/www.urv-eberstalzell.at\/?page_id=633\",\"name\":\"IMPRESSUM - URV Eberstalzell\",\"isPartOf\":{\"@id\":\"https:\/\/www.urv-eberstalzell.at\/#website\"},\"datePublished\":\"2014-03-17T17:06:18+00:00\",\"dateModified\":\"2025-04-26T09:16:08+00:00\",\"description\":\"Union Reitverein Eberstalzell\",\"breadcrumb\":{\"@id\":\"https:\/\/www.urv-eberstalzell.at\/?page_id=633#breadcrumb\"},\"inLanguage\":\"de\",\"potentialAction\":[{\"@type\":\"ReadAction\",\"target\":[\"https:\/\/www.urv-eberstalzell.at\/?page_id=633\"]}]},{\"@type\":\"BreadcrumbList\",\"@id\":\"https:\/\/www.urv-eberstalzell.at\/?page_id=633#breadcrumb\",\"itemListElement\":[{\"@type\":\"ListItem\",\"position\":1,\"name\":\"Startseite\",\"item\":\"https:\/\/www.urv-eberstalzell.at\/\"},{\"@type\":\"ListItem\",\"position\":2,\"name\":\"IMPRESSUM\"}]},{\"@type\":\"WebSite\",\"@id\":\"https:\/\/www.urv-eberstalzell.at\/#website\",\"url\":\"https:\/\/www.urv-eberstalzell.at\/\",\"name\":\"URV Eberstalzell\",\"description\":\"\",\"potentialAction\":[{\"@type\":\"SearchAction\",\"target\":{\"@type\":\"EntryPoint\",\"urlTemplate\":\"https:\/\/www.urv-eberstalzell.at\/?s={search_term_string}\"},\"query-input\":{\"@type\":\"PropertyValueSpecification\",\"valueRequired\":true,\"valueName\":\"search_term_string\"}}],\"inLanguage\":\"de\"}]}<\/script>\n<!-- \/ Yoast SEO plugin. -->","yoast_head_json":{"title":"IMPRESSUM - URV Eberstalzell","description":"Union Reitverein Eberstalzell","robots":{"index":"noindex","follow":"follow"},"og_locale":"de_DE","og_type":"article","og_title":"IMPRESSUM - URV Eberstalzell","og_description":"Union Reitverein Eberstalzell","og_url":"https:\/\/www.urv-eberstalzell.at\/?page_id=633","og_site_name":"URV Eberstalzell","article_modified_time":"2025-04-26T09:16:08+00:00","twitter_misc":{"Gesch\u00e4tzte Lesezeit":"2\u00a0Minuten"},"schema":{"@context":"https:\/\/schema.org","@graph":[{"@type":"WebPage","@id":"https:\/\/www.urv-eberstalzell.at\/?page_id=633","url":"https:\/\/www.urv-eberstalzell.at\/?page_id=633","name":"IMPRESSUM - URV Eberstalzell","isPartOf":{"@id":"https:\/\/www.urv-eberstalzell.at\/#website"},"datePublished":"2014-03-17T17:06:18+00:00","dateModified":"2025-04-26T09:16:08+00:00","description":"Union Reitverein Eberstalzell","breadcrumb":{"@id":"https:\/\/www.urv-eberstalzell.at\/?page_id=633#breadcrumb"},"inLanguage":"de","potentialAction":[{"@type":"ReadAction","target":["https:\/\/www.urv-eberstalzell.at\/?page_id=633"]}]},{"@type":"BreadcrumbList","@id":"https:\/\/www.urv-eberstalzell.at\/?page_id=633#breadcrumb","itemListElement":[{"@type":"ListItem","position":1,"name":"Startseite","item":"https:\/\/www.urv-eberstalzell.at\/"},{"@type":"ListItem","position":2,"name":"IMPRESSUM"}]},{"@type":"WebSite","@id":"https:\/\/www.urv-eberstalzell.at\/#website","url":"https:\/\/www.urv-eberstalzell.at\/","name":"URV Eberstalzell","description":"","potentialAction":[{"@type":"SearchAction","target":{"@type":"EntryPoint","urlTemplate":"https:\/\/www.urv-eberstalzell.at\/?s={search_term_string}"},"query-input":{"@type":"PropertyValueSpecification","valueRequired":true,"valueName":"search_term_string"}}],"inLanguage":"de"}]}},"_links":{"self":[{"href":"https:\/\/www.urv-eberstalzell.at\/index.php?rest_route=\/wp\/v2\/pages\/633","targetHints":{"allow":["GET"]}}],"collection":[{"href":"https:\/\/www.urv-eberstalzell.at\/index.php?rest_route=\/wp\/v2\/pages"}],"about":[{"href":"https:\/\/www.urv-eberstalzell.at\/index.php?rest_route=\/wp\/v2\/types\/page"}],"author":[{"embeddable":true,"href":"https:\/\/www.urv-eberstalzell.at\/index.php?rest_route=\/wp\/v2\/users\/1"}],"replies":[{"embeddable":true,"href":"https:\/\/www.urv-eberstalzell.at\/index.php?rest_route=%2Fwp%2Fv2%2Fcomments&post=633"}],"version-history":[{"count":15,"href":"https:\/\/www.urv-eberstalzell.at\/index.php?rest_route=\/wp\/v2\/pages\/633\/revisions"}],"predecessor-version":[{"id":1497,"href":"https:\/\/www.urv-eberstalzell.at\/index.php?rest_route=\/wp\/v2\/pages\/633\/revisions\/1497"}],"wp:attachment":[{"href":"https:\/\/www.urv-eberstalzell.at\/index.php?rest_route=%2Fwp%2Fv2%2Fmedia&parent=633"}],"curies":[{"name":"wp","href":"https:\/\/api.w.org\/{rel}","templated":true}]}}