{"id":36,"date":"2013-06-18T11:04:45","date_gmt":"2013-06-18T09:04:45","guid":{"rendered":"http:\/\/www.urv-eberstalzell.at\/?page_id=36"},"modified":"2025-04-25T10:29:04","modified_gmt":"2025-04-25T08:29:04","slug":"wir-uber-uns","status":"publish","type":"page","link":"https:\/\/www.urv-eberstalzell.at\/?page_id=36","title":{"rendered":"WIR \u00dcBER UNS"},"content":{"rendered":"\n<h2 class=\"wp-block-heading\"><b>Der Verein<\/b><br>URV Eberstalzell <\/h2>\n\n\n\n<p>Es ist nicht die lange Tradition&#8230;<\/p>\n\n\n\n<p>Es ist die bemerkenswerte Entwicklung und die ehrliche Arbeit, die diesen Verein von vielen anderen unterscheidet.<\/p>\n\n\n\n<p>1997 von nur 3 Amateurreitern gegr\u00fcndet, z\u00e4hlt der URV Eberstalzell heute zu einem der mitgliederst\u00e4rksten Reitvereine Ober\u00f6sterreichs.<br>Eberstalzell mag zwar eine \u00fcberschaubare Hausrucker Gemeinde sein, jedoch liegt sie geographisch und infrastrukturell g\u00fcnstig in der Mitte des Landes.<\/p>\n\n\n\n<p>So ergibt sich die Besonderheit, dass die Mitglieder nicht nur aus der n\u00e4heren Umgebung kommen, sondern \u00fcber einen Radius von 50 Kilometer in ganz Ober\u00f6sterreich verstreut leben. Ein Merkmal, das f\u00fcr die Qualit\u00e4t des Vereins, aber vor allem auch f\u00fcr die Reitanlage spricht.<\/p>\n\n\n\n<h2 class=\"wp-block-heading\"><b>Die Reitanlage<\/b> <br>Reitanlage Reichlgut<\/h2>\n\n\n\n<p>Die Heimat des URV ist das Reichlgut der Familie H\u00f6rtenhuber.<\/p>\n\n\n\n<p>2010 wurde hier mit gro\u00dfem&nbsp; Aufwand und viel Liebe zum Detail eine der modernsten Reitanlagen \u00d6sterreichs realisiert. Im Vordergrund steht dabei immer das Wohl der Pferde, egal ob Boxen-,Paddockboxen- oder \u201eHIT-Aktivstallhaltung\u201c.<\/p>\n\n\n\n<p>F\u00fchrmaschine, Solarium, weitl\u00e4ufige Koppeln und Futter, fast ausschlie\u00dflich aus Eigenanbau, runden den \u201eWellness-Betrieb\u201c f\u00fcr Pferde ab.<\/p>\n\n\n\n<p>F\u00fcr Pferd und Reiter stehen eine Reithalle ( 45 M x 25 M ) und ein Au\u00dfenreitplatz ( 60 M x 40 M ) zur Verf\u00fcgung.<br>Besonderer Wert wird dabei auf die Pflege des speziellen Sand-Fleece-Bodens gelegt, der speziell die Beine und Gelenke der Pferde sch\u00fctzt.<\/p>\n\n\n\n<h2 class=\"wp-block-heading\"><b>Eberstalzeller Pferdesporttage<\/b><br>Nationales Dressur- &amp; Springreitturnier <\/h2>\n\n\n\n<p>Zum Gedenken an den verstorbenen Mitbegr\u00fcnder des Vereins, Manfred Voglhuber, veranstaltete der URV 2013 zum ersten Mal ein nationales Reitsportturnier.<\/p>\n\n\n\n<p>Im ersten Jahr noch als Geheimtipp unter Ober\u00f6sterreichs Reitern gehandelt, z\u00e4hlt das \u201eCDN-C\u201c und \u201eCSN-C\u201c mit \u00fcber 300 Startern, f\u00fcr Breiten- und Leistungsreitsportler aus ganz \u00d6sterreich und dem benachbarten Bayern,&nbsp; zu den Fixpunkten im j\u00e4hrlichen Turnierkalender.<\/p>\n\n\n\n<div class=\"wp-block-group\"><div class=\"wp-block-group__inner-container is-layout-constrained wp-block-group-is-layout-constrained\">\n<div class=\"wp-block-columns is-layout-flex wp-container-core-columns-is-layout-9d6595d7 wp-block-columns-is-layout-flex\">\n<div class=\"wp-block-column is-layout-flow wp-block-column-is-layout-flow\" style=\"flex-basis:100%\">\n<div class=\"wp-block-group is-layout-grid wp-container-core-group-is-layout-9649a0d9 wp-block-group-is-layout-grid\">\n<figure class=\"wp-block-image size-large wp-container-content-69bc4bdf\"><img loading=\"lazy\" decoding=\"async\" width=\"1200\" height=\"800\" src=\"https:\/\/www.urv-eberstalzell.at\/wp-content\/uploads\/2025\/04\/DSC00591-2-1200x800.jpg\" alt=\"\" class=\"wp-image-1460\" srcset=\"https:\/\/www.urv-eberstalzell.at\/wp-content\/uploads\/2025\/04\/DSC00591-2-1200x800.jpg 1200w, https:\/\/www.urv-eberstalzell.at\/wp-content\/uploads\/2025\/04\/DSC00591-2-800x533.jpg 800w, https:\/\/www.urv-eberstalzell.at\/wp-content\/uploads\/2025\/04\/DSC00591-2-768x512.jpg 768w, https:\/\/www.urv-eberstalzell.at\/wp-content\/uploads\/2025\/04\/DSC00591-2-1536x1024.jpg 1536w, https:\/\/www.urv-eberstalzell.at\/wp-content\/uploads\/2025\/04\/DSC00591-2-2048x1365.jpg 2048w\" sizes=\"auto, (max-width: 1200px) 100vw, 1200px\" \/><\/figure>\n\n\n\n<figure class=\"wp-block-image size-large\"><img loading=\"lazy\" decoding=\"async\" width=\"1200\" height=\"800\" src=\"https:\/\/www.urv-eberstalzell.at\/wp-content\/uploads\/2025\/04\/DSC01377-1-1200x800.jpg\" alt=\"\" class=\"wp-image-1461\" srcset=\"https:\/\/www.urv-eberstalzell.at\/wp-content\/uploads\/2025\/04\/DSC01377-1-1200x800.jpg 1200w, https:\/\/www.urv-eberstalzell.at\/wp-content\/uploads\/2025\/04\/DSC01377-1-800x533.jpg 800w, https:\/\/www.urv-eberstalzell.at\/wp-content\/uploads\/2025\/04\/DSC01377-1-768x512.jpg 768w, https:\/\/www.urv-eberstalzell.at\/wp-content\/uploads\/2025\/04\/DSC01377-1-1536x1024.jpg 1536w, https:\/\/www.urv-eberstalzell.at\/wp-content\/uploads\/2025\/04\/DSC01377-1-2048x1365.jpg 2048w\" sizes=\"auto, (max-width: 1200px) 100vw, 1200px\" \/><\/figure>\n\n\n\n<figure class=\"wp-block-image size-large\"><img loading=\"lazy\" decoding=\"async\" width=\"1200\" height=\"800\" src=\"https:\/\/www.urv-eberstalzell.at\/wp-content\/uploads\/2025\/04\/DSC06821-1-1200x800.jpg\" alt=\"\" class=\"wp-image-1462\" srcset=\"https:\/\/www.urv-eberstalzell.at\/wp-content\/uploads\/2025\/04\/DSC06821-1-1200x800.jpg 1200w, https:\/\/www.urv-eberstalzell.at\/wp-content\/uploads\/2025\/04\/DSC06821-1-800x533.jpg 800w, https:\/\/www.urv-eberstalzell.at\/wp-content\/uploads\/2025\/04\/DSC06821-1-768x512.jpg 768w, https:\/\/www.urv-eberstalzell.at\/wp-content\/uploads\/2025\/04\/DSC06821-1-1536x1024.jpg 1536w, https:\/\/www.urv-eberstalzell.at\/wp-content\/uploads\/2025\/04\/DSC06821-1-2048x1365.jpg 2048w\" sizes=\"auto, (max-width: 1200px) 100vw, 1200px\" \/><\/figure>\n\n\n\n<figure class=\"wp-block-image size-large wp-container-content-69bc4bdf\"><img loading=\"lazy\" decoding=\"async\" width=\"1200\" height=\"800\" src=\"https:\/\/www.urv-eberstalzell.at\/wp-content\/uploads\/2025\/04\/DSC06461-1-1200x800.jpg\" alt=\"\" class=\"wp-image-1463\" srcset=\"https:\/\/www.urv-eberstalzell.at\/wp-content\/uploads\/2025\/04\/DSC06461-1-1200x800.jpg 1200w, https:\/\/www.urv-eberstalzell.at\/wp-content\/uploads\/2025\/04\/DSC06461-1-800x533.jpg 800w, https:\/\/www.urv-eberstalzell.at\/wp-content\/uploads\/2025\/04\/DSC06461-1-768x512.jpg 768w, https:\/\/www.urv-eberstalzell.at\/wp-content\/uploads\/2025\/04\/DSC06461-1-1536x1024.jpg 1536w, https:\/\/www.urv-eberstalzell.at\/wp-content\/uploads\/2025\/04\/DSC06461-1-2048x1365.jpg 2048w\" sizes=\"auto, (max-width: 1200px) 100vw, 1200px\" \/><\/figure>\n\n\n\n<figure class=\"wp-block-image size-large\"><img loading=\"lazy\" decoding=\"async\" width=\"1200\" height=\"800\" src=\"https:\/\/www.urv-eberstalzell.at\/wp-content\/uploads\/2025\/04\/DSC00942-1200x800.jpg\" alt=\"\" class=\"wp-image-1471\" srcset=\"https:\/\/www.urv-eberstalzell.at\/wp-content\/uploads\/2025\/04\/DSC00942-1200x800.jpg 1200w, https:\/\/www.urv-eberstalzell.at\/wp-content\/uploads\/2025\/04\/DSC00942-800x533.jpg 800w, https:\/\/www.urv-eberstalzell.at\/wp-content\/uploads\/2025\/04\/DSC00942-768x512.jpg 768w, https:\/\/www.urv-eberstalzell.at\/wp-content\/uploads\/2025\/04\/DSC00942-1536x1024.jpg 1536w, https:\/\/www.urv-eberstalzell.at\/wp-content\/uploads\/2025\/04\/DSC00942-2048x1365.jpg 2048w\" sizes=\"auto, (max-width: 1200px) 100vw, 1200px\" \/><\/figure>\n\n\n\n<figure class=\"wp-block-image size-large\"><img loading=\"lazy\" decoding=\"async\" width=\"1200\" height=\"800\" src=\"https:\/\/www.urv-eberstalzell.at\/wp-content\/uploads\/2025\/04\/DSC01279-1200x800.jpg\" alt=\"\" class=\"wp-image-1472\" srcset=\"https:\/\/www.urv-eberstalzell.at\/wp-content\/uploads\/2025\/04\/DSC01279-1200x800.jpg 1200w, https:\/\/www.urv-eberstalzell.at\/wp-content\/uploads\/2025\/04\/DSC01279-800x533.jpg 800w, https:\/\/www.urv-eberstalzell.at\/wp-content\/uploads\/2025\/04\/DSC01279-768x512.jpg 768w, https:\/\/www.urv-eberstalzell.at\/wp-content\/uploads\/2025\/04\/DSC01279-1536x1024.jpg 1536w, https:\/\/www.urv-eberstalzell.at\/wp-content\/uploads\/2025\/04\/DSC01279-2048x1365.jpg 2048w\" sizes=\"auto, (max-width: 1200px) 100vw, 1200px\" \/><\/figure>\n\n\n\n<figure class=\"wp-block-image size-large\"><img loading=\"lazy\" decoding=\"async\" width=\"1200\" height=\"800\" src=\"https:\/\/www.urv-eberstalzell.at\/wp-content\/uploads\/2025\/04\/DSC01615-1200x800.jpg\" alt=\"\" class=\"wp-image-1473\" srcset=\"https:\/\/www.urv-eberstalzell.at\/wp-content\/uploads\/2025\/04\/DSC01615-1200x800.jpg 1200w, https:\/\/www.urv-eberstalzell.at\/wp-content\/uploads\/2025\/04\/DSC01615-800x533.jpg 800w, https:\/\/www.urv-eberstalzell.at\/wp-content\/uploads\/2025\/04\/DSC01615-768x512.jpg 768w, https:\/\/www.urv-eberstalzell.at\/wp-content\/uploads\/2025\/04\/DSC01615-1536x1024.jpg 1536w, https:\/\/www.urv-eberstalzell.at\/wp-content\/uploads\/2025\/04\/DSC01615-2048x1365.jpg 2048w\" sizes=\"auto, (max-width: 1200px) 100vw, 1200px\" \/><\/figure>\n<\/div>\n<\/div>\n<\/div>\n<\/div><\/div>\n\n\n\n<div class=\"wp-block-columns is-layout-flex wp-container-core-columns-is-layout-9d6595d7 wp-block-columns-is-layout-flex\">\n<div class=\"wp-block-column is-layout-flow wp-block-column-is-layout-flow\"><\/div>\n\n\n\n<div class=\"wp-block-column is-layout-flow wp-block-column-is-layout-flow\"><\/div>\n<\/div>\n\n\n\n<p><\/p>\n\n\n\n<h2 class=\"wp-block-heading has-text-align-left\"><strong>Der Vorstand<\/strong> <br>URV Eberstalzell<\/h2>\n\n\n\n<div class=\"wp-block-columns are-vertically-aligned-center is-layout-flex wp-container-core-columns-is-layout-9d6595d7 wp-block-columns-is-layout-flex\">\n<div class=\"wp-block-column is-vertically-aligned-center is-layout-flow wp-block-column-is-layout-flow\">\n<div class=\"wp-block-columns is-layout-flex wp-container-core-columns-is-layout-9d6595d7 wp-block-columns-is-layout-flex\">\n<div class=\"wp-block-column is-layout-flow wp-block-column-is-layout-flow\">\n<p class=\"has-text-align-center\">Obfrau<br>Obmann Stellv.<br>Obmann Stellv.<br>Kassierin<br>Kassierin Stellv.<br>Schriftf\u00fchrerin<br>Schriftf\u00fchrerin Stellv.<br>\u00d6ffentlichkeitsarbeit<br>\u00d6ffentlichkeitsarbeit Stellv.&nbsp;<\/p>\n<\/div>\n<\/div>\n<\/div>\n\n\n\n<div class=\"wp-block-column is-vertically-aligned-center is-layout-flow wp-block-column-is-layout-flow\">\n<p class=\"has-text-align-center\">Angelika Irndorfer<br>Helmut H\u00f6rtenhuber<br>J\u00fcrgen Steyer<br>Doris Iraschek<br>Astrid H\u00f6rtenhuber<br>Lisa Raffelsberger<br>Sandra K\u00f6ll<br>Noreen Iraschek<br>Alice Hinterberger&nbsp;<\/p>\n<\/div>\n<\/div>\n\n\n\n<figure class=\"wp-block-image size-large\"><img loading=\"lazy\" decoding=\"async\" width=\"1200\" height=\"800\" src=\"https:\/\/www.urv-eberstalzell.at\/wp-content\/uploads\/2025\/04\/DSC02654-Edit-1200x800.jpg\" alt=\"\" class=\"wp-image-1452\" srcset=\"https:\/\/www.urv-eberstalzell.at\/wp-content\/uploads\/2025\/04\/DSC02654-Edit-1200x800.jpg 1200w, https:\/\/www.urv-eberstalzell.at\/wp-content\/uploads\/2025\/04\/DSC02654-Edit-800x533.jpg 800w, https:\/\/www.urv-eberstalzell.at\/wp-content\/uploads\/2025\/04\/DSC02654-Edit-768x512.jpg 768w, https:\/\/www.urv-eberstalzell.at\/wp-content\/uploads\/2025\/04\/DSC02654-Edit-1536x1024.jpg 1536w, https:\/\/www.urv-eberstalzell.at\/wp-content\/uploads\/2025\/04\/DSC02654-Edit-2048x1365.jpg 2048w\" sizes=\"auto, (max-width: 1200px) 100vw, 1200px\" \/><figcaption class=\"wp-element-caption\">hinten v.l.n.r. Noreen Iraschek, Astrid H\u00f6rtenhuber, J\u00fcrgen Steyer, Alice Hinterberger, Doris Iraschek.              <br>vorne v.l.n.r. Helmut H\u00f6rtenhuber, Angelika Irndorfer, Lisa Raffelsberger, Sandra K\u00f6ll.<\/figcaption><\/figure>\n\n\n\n<p>Foto: <strong>\u00a9<\/strong> Christiane Greiner <\/p>\n\n\n\n<div class=\"wp-block-columns is-layout-flex wp-container-core-columns-is-layout-9d6595d7 wp-block-columns-is-layout-flex\">\n<div class=\"wp-block-column is-layout-flow wp-block-column-is-layout-flow\"><\/div>\n\n\n\n<div class=\"wp-block-column is-layout-flow wp-block-column-is-layout-flow\"><\/div>\n<\/div>\n\n\n\n<p><\/p>\n","protected":false},"excerpt":{"rendered":"<p>Der VereinURV Eberstalzell Es ist nicht die lange Tradition&#8230; Es ist die bemerkenswerte Entwicklung und die ehrliche Arbeit, die diesen Verein von vielen anderen unterscheidet. 1997 von nur 3 Amateurreitern gegr\u00fcndet, z\u00e4hlt der URV Eberstalzell heute zu einem der mitgliederst\u00e4rksten Reitvereine Ober\u00f6sterreichs.Eberstalzell mag zwar eine \u00fcberschaubare Hausrucker Gemeinde sein, jedoch liegt sie geographisch und infrastrukturell [&hellip;]<\/p>\n","protected":false},"author":1,"featured_media":0,"parent":0,"menu_order":2,"comment_status":"closed","ping_status":"closed","template":"","meta":{"footnotes":""},"class_list":["post-36","page","type-page","status-publish","hentry"],"yoast_head":"<!-- This site is optimized with the Yoast SEO plugin v25.1 - https:\/\/yoast.com\/wordpress\/plugins\/seo\/ -->\n<title>WIR \u00dcBER UNS - URV Eberstalzell<\/title>\n<meta name=\"description\" content=\"Union Reitverein Eberstalzell\" \/>\n<meta name=\"robots\" content=\"noindex, follow\" \/>\n<meta property=\"og:locale\" content=\"de_DE\" \/>\n<meta property=\"og:type\" content=\"article\" \/>\n<meta property=\"og:title\" content=\"WIR \u00dcBER UNS - URV Eberstalzell\" \/>\n<meta property=\"og:description\" content=\"Union Reitverein Eberstalzell\" \/>\n<meta property=\"og:url\" content=\"https:\/\/www.urv-eberstalzell.at\/?page_id=36\" \/>\n<meta property=\"og:site_name\" content=\"URV Eberstalzell\" \/>\n<meta property=\"article:modified_time\" content=\"2025-04-25T08:29:04+00:00\" \/>\n<meta property=\"og:image\" content=\"https:\/\/www.urv-eberstalzell.at\/wp-content\/uploads\/2025\/04\/DSC00591-2-scaled.jpg\" \/>\n\t<meta property=\"og:image:width\" content=\"2560\" \/>\n\t<meta property=\"og:image:height\" content=\"1707\" \/>\n\t<meta property=\"og:image:type\" content=\"image\/jpeg\" \/>\n<meta name=\"twitter:label1\" content=\"Gesch\u00e4tzte Lesezeit\" \/>\n\t<meta name=\"twitter:data1\" content=\"4\u00a0Minuten\" \/>\n<script type=\"application\/ld+json\" class=\"yoast-schema-graph\">{\"@context\":\"https:\/\/schema.org\",\"@graph\":[{\"@type\":\"WebPage\",\"@id\":\"https:\/\/www.urv-eberstalzell.at\/?page_id=36\",\"url\":\"https:\/\/www.urv-eberstalzell.at\/?page_id=36\",\"name\":\"WIR \u00dcBER UNS - URV Eberstalzell\",\"isPartOf\":{\"@id\":\"https:\/\/www.urv-eberstalzell.at\/#website\"},\"primaryImageOfPage\":{\"@id\":\"https:\/\/www.urv-eberstalzell.at\/?page_id=36#primaryimage\"},\"image\":{\"@id\":\"https:\/\/www.urv-eberstalzell.at\/?page_id=36#primaryimage\"},\"thumbnailUrl\":\"https:\/\/www.urv-eberstalzell.at\/wp-content\/uploads\/2025\/04\/DSC00591-2-1200x800.jpg\",\"datePublished\":\"2013-06-18T09:04:45+00:00\",\"dateModified\":\"2025-04-25T08:29:04+00:00\",\"description\":\"Union Reitverein Eberstalzell\",\"breadcrumb\":{\"@id\":\"https:\/\/www.urv-eberstalzell.at\/?page_id=36#breadcrumb\"},\"inLanguage\":\"de\",\"potentialAction\":[{\"@type\":\"ReadAction\",\"target\":[\"https:\/\/www.urv-eberstalzell.at\/?page_id=36\"]}]},{\"@type\":\"ImageObject\",\"inLanguage\":\"de\",\"@id\":\"https:\/\/www.urv-eberstalzell.at\/?page_id=36#primaryimage\",\"url\":\"https:\/\/www.urv-eberstalzell.at\/wp-content\/uploads\/2025\/04\/DSC00591-2-scaled.jpg\",\"contentUrl\":\"https:\/\/www.urv-eberstalzell.at\/wp-content\/uploads\/2025\/04\/DSC00591-2-scaled.jpg\",\"width\":2560,\"height\":1707},{\"@type\":\"BreadcrumbList\",\"@id\":\"https:\/\/www.urv-eberstalzell.at\/?page_id=36#breadcrumb\",\"itemListElement\":[{\"@type\":\"ListItem\",\"position\":1,\"name\":\"Startseite\",\"item\":\"https:\/\/www.urv-eberstalzell.at\/\"},{\"@type\":\"ListItem\",\"position\":2,\"name\":\"WIR \u00dcBER UNS\"}]},{\"@type\":\"WebSite\",\"@id\":\"https:\/\/www.urv-eberstalzell.at\/#website\",\"url\":\"https:\/\/www.urv-eberstalzell.at\/\",\"name\":\"URV Eberstalzell\",\"description\":\"\",\"potentialAction\":[{\"@type\":\"SearchAction\",\"target\":{\"@type\":\"EntryPoint\",\"urlTemplate\":\"https:\/\/www.urv-eberstalzell.at\/?s={search_term_string}\"},\"query-input\":{\"@type\":\"PropertyValueSpecification\",\"valueRequired\":true,\"valueName\":\"search_term_string\"}}],\"inLanguage\":\"de\"}]}<\/script>\n<!-- \/ Yoast SEO plugin. -->","yoast_head_json":{"title":"WIR \u00dcBER UNS - URV Eberstalzell","description":"Union Reitverein Eberstalzell","robots":{"index":"noindex","follow":"follow"},"og_locale":"de_DE","og_type":"article","og_title":"WIR \u00dcBER UNS - URV Eberstalzell","og_description":"Union Reitverein Eberstalzell","og_url":"https:\/\/www.urv-eberstalzell.at\/?page_id=36","og_site_name":"URV Eberstalzell","article_modified_time":"2025-04-25T08:29:04+00:00","og_image":[{"width":2560,"height":1707,"url":"https:\/\/www.urv-eberstalzell.at\/wp-content\/uploads\/2025\/04\/DSC00591-2-scaled.jpg","type":"image\/jpeg"}],"twitter_misc":{"Gesch\u00e4tzte Lesezeit":"4\u00a0Minuten"},"schema":{"@context":"https:\/\/schema.org","@graph":[{"@type":"WebPage","@id":"https:\/\/www.urv-eberstalzell.at\/?page_id=36","url":"https:\/\/www.urv-eberstalzell.at\/?page_id=36","name":"WIR \u00dcBER UNS - URV Eberstalzell","isPartOf":{"@id":"https:\/\/www.urv-eberstalzell.at\/#website"},"primaryImageOfPage":{"@id":"https:\/\/www.urv-eberstalzell.at\/?page_id=36#primaryimage"},"image":{"@id":"https:\/\/www.urv-eberstalzell.at\/?page_id=36#primaryimage"},"thumbnailUrl":"https:\/\/www.urv-eberstalzell.at\/wp-content\/uploads\/2025\/04\/DSC00591-2-1200x800.jpg","datePublished":"2013-06-18T09:04:45+00:00","dateModified":"2025-04-25T08:29:04+00:00","description":"Union Reitverein Eberstalzell","breadcrumb":{"@id":"https:\/\/www.urv-eberstalzell.at\/?page_id=36#breadcrumb"},"inLanguage":"de","potentialAction":[{"@type":"ReadAction","target":["https:\/\/www.urv-eberstalzell.at\/?page_id=36"]}]},{"@type":"ImageObject","inLanguage":"de","@id":"https:\/\/www.urv-eberstalzell.at\/?page_id=36#primaryimage","url":"https:\/\/www.urv-eberstalzell.at\/wp-content\/uploads\/2025\/04\/DSC00591-2-scaled.jpg","contentUrl":"https:\/\/www.urv-eberstalzell.at\/wp-content\/uploads\/2025\/04\/DSC00591-2-scaled.jpg","width":2560,"height":1707},{"@type":"BreadcrumbList","@id":"https:\/\/www.urv-eberstalzell.at\/?page_id=36#breadcrumb","itemListElement":[{"@type":"ListItem","position":1,"name":"Startseite","item":"https:\/\/www.urv-eberstalzell.at\/"},{"@type":"ListItem","position":2,"name":"WIR \u00dcBER UNS"}]},{"@type":"WebSite","@id":"https:\/\/www.urv-eberstalzell.at\/#website","url":"https:\/\/www.urv-eberstalzell.at\/","name":"URV Eberstalzell","description":"","potentialAction":[{"@type":"SearchAction","target":{"@type":"EntryPoint","urlTemplate":"https:\/\/www.urv-eberstalzell.at\/?s={search_term_string}"},"query-input":{"@type":"PropertyValueSpecification","valueRequired":true,"valueName":"search_term_string"}}],"inLanguage":"de"}]}},"_links":{"self":[{"href":"https:\/\/www.urv-eberstalzell.at\/index.php?rest_route=\/wp\/v2\/pages\/36","targetHints":{"allow":["GET"]}}],"collection":[{"href":"https:\/\/www.urv-eberstalzell.at\/index.php?rest_route=\/wp\/v2\/pages"}],"about":[{"href":"https:\/\/www.urv-eberstalzell.at\/index.php?rest_route=\/wp\/v2\/types\/page"}],"author":[{"embeddable":true,"href":"https:\/\/www.urv-eberstalzell.at\/index.php?rest_route=\/wp\/v2\/users\/1"}],"replies":[{"embeddable":true,"href":"https:\/\/www.urv-eberstalzell.at\/index.php?rest_route=%2Fwp%2Fv2%2Fcomments&post=36"}],"version-history":[{"count":44,"href":"https:\/\/www.urv-eberstalzell.at\/index.php?rest_route=\/wp\/v2\/pages\/36\/revisions"}],"predecessor-version":[{"id":1496,"href":"https:\/\/www.urv-eberstalzell.at\/index.php?rest_route=\/wp\/v2\/pages\/36\/revisions\/1496"}],"wp:attachment":[{"href":"https:\/\/www.urv-eberstalzell.at\/index.php?rest_route=%2Fwp%2Fv2%2Fmedia&parent=36"}],"curies":[{"name":"wp","href":"https:\/\/api.w.org\/{rel}","templated":true}]}}