{"id":2,"date":"2013-06-17T16:02:19","date_gmt":"2013-06-17T16:02:19","guid":{"rendered":"http:\/\/www.urv-eberstalzell.at\/?page_id=2"},"modified":"2018-05-29T09:54:06","modified_gmt":"2018-05-29T07:54:06","slug":"beispiel-seite","status":"publish","type":"page","link":"https:\/\/www.urv-eberstalzell.at\/?page_id=2","title":{"rendered":"CHRONIK"},"content":{"rendered":"<p style=\"text-align: center;\"><a href=\"http:\/\/www.urv-eberstalzell.at\/wp-content\/uploads\/2013\/06\/1.jpg\"><img loading=\"lazy\" decoding=\"async\" class=\"aligncenter\" src=\"http:\/\/www.urv-eberstalzell.at\/wp-content\/uploads\/2013\/06\/1.jpg\" alt=\"1\" width=\"344\" height=\"344\" \/><\/a><\/p>\n<p style=\"text-align: center;\"><strong>Der Reitverein Eberstalzell wurde im April 1997 von Karl Krammel, Johann H\u00f6rtenhuber und Manfred Voglhuber gegr\u00fcndet, mit damals bereits 57 Mitgliedern.<\/strong><\/p>\n<p style=\"text-align: center;\">\u00a0Der Vorstand bestand aus dem Sektionsleiter Karl Krammel und seinem Stellvertreter Johann H\u00f6rtenhuber, dem Kassier Manfred Voglhuber und Stellvertreter Johann St\u00f6ttinger,<br \/>\nSchriftf\u00fchrer Rudolf Holzberger und seiner Stellvertreterin Resi Seidner .<\/p>\n<p style=\"text-align: center;\">\u00a0<a href=\"http:\/\/www.urv-eberstalzell.at\/wp-content\/uploads\/2013\/06\/2.jpg\"><img loading=\"lazy\" decoding=\"async\" class=\"aligncenter\" src=\"http:\/\/www.urv-eberstalzell.at\/wp-content\/uploads\/2013\/06\/2.jpg\" alt=\"2\" width=\"700\" height=\"465\" \/><\/a><\/p>\n<p style=\"text-align: center;\"><em>vorne v.l.n.r.: Breitwimmer Johann, Krammel Karl, Huber Engelbert, H\u00f6rtenhuber Johann, Parzermair Walter, R\u00fchrlinger Herbert<\/em><\/p>\n<p style=\"text-align: center;\"><em>hinten v.l.n.r.: Fischer Adelheid, Leiss Sandra, Thallinger Christine, Niederhumer Manfred, Voglhuber Melanie, B\u00e4ck Sandra, Silber Hubert, Seidner Sabine, Voglhuber Manfred, Minichmair Kristina<\/em><\/p>\n<p>\u00a0Bis zum Jahr 2005 bestand der Reitverein, mit leichten Schwankungen, aus etwa 60 Mitgliedern.<\/p>\n<p><strong>2006 war eine Neuwahl des Vorstands mit folgenden Ergebnissen:<\/strong><\/p>\n<p>Sektionsleiter: \u00a0\u00a0\u00a0\u00a0\u00a0\u00a0\u00a0\u00a0\u00a0\u00a0\u00a0 Helmut H\u00f6rtenhuber und Stellvertreter Voglhuber Manfred<\/p>\n<p>Kassier:\u00a0 \u00a0\u00a0\u00a0\u00a0\u00a0\u00a0\u00a0\u00a0\u00a0\u00a0\u00a0 \u00a0\u00a0\u00a0\u00a0\u00a0\u00a0\u00a0\u00a0\u00a0\u00a0 Leiss Sandra und Stellvertreterin H\u00f6rtenhuber Astrid<\/p>\n<p>Schriftf\u00fchrer: \u00a0\u00a0\u00a0\u00a0\u00a0\u00a0\u00a0\u00a0\u00a0\u00a0\u00a0\u00a0 Thallinger Christine und Stellvertreterin See Michaela<\/p>\n<p>&nbsp;<\/p>\n<p><strong>2009<\/strong> bestand der Reitverein Eberstalzell aus ca. 80 Mitgliedern mit folgendem Vorstand (Neuwahl): Sektionsleiter und Stellvertreter weiterhin Helmut H\u00f6rtenhuber und Voglhuber Manfred, Kassiererinnen Manuela Priglhofer und Stellvertreterin Astrid H\u00f6rtenhuber und Schriftf\u00fchrerin Kristina Minichmair mit Stellvertreterin Tanja Scheureder.<\/p>\n<p>&nbsp;<\/p>\n<p>Von Beginn an standen die gemeinsamen Unternehmungen und Veranstaltungen im Vordergrund.<\/p>\n<p>Das j\u00e4hrliche Stoppelrennen (1997-2002), sowie die j\u00e4hrliche Teilnahme an Georgi- und Leonhardiritten war ein Muss.<\/p>\n<p style=\"text-align: center;\">\u00a0<a href=\"http:\/\/www.urv-eberstalzell.at\/wp-content\/uploads\/2013\/06\/3.jpg\"><img loading=\"lazy\" decoding=\"async\" class=\"size-full wp-image-208 aligncenter\" src=\"http:\/\/www.urv-eberstalzell.at\/wp-content\/uploads\/2013\/06\/3.jpg\" alt=\"3\" width=\"374\" height=\"533\" \/><\/a><\/p>\n<p style=\"text-align: center;\"><em>Georgiritt: Obmann: Krammel Karl, Stellvertreter: H\u00f6rtenhuber Johann<\/em><\/p>\n<p>\u00a0Wahlen <strong>2013<\/strong>: Der Reitverein Eberstalzell aus 101 Mitgliedern mit folgendem Vorstand: Sektionsleiter Helmut H\u00f6rtenhuber und Stellvertreter Herbert Reischl, Kassiererinnen Manuela Priglhofer und Stellvertreterin Astrid H\u00f6rtenhuber und Schriftf\u00fchrerin Kristina Minichmair mit Stellvertreterin Sabrina Kronlachner.<\/p>\n<p>Wahlen <strong>2014<\/strong>: Der Reitverein Eberstalzell aus 80 Mitgliedern mit folgendem Vorstand: Sektionsleiter Herbert Reischl und Stellvertreter Helmut H\u00f6rtenhuber, Kassiererinnen Manuela Priglhofer und Stellvertreterin Astrid H\u00f6rtenhuber und Schriftf\u00fchrerin Kristina Minichmair mit Stellvertreterin Kornelia Wagner.<\/p>\n<p>&nbsp;<\/p>\n<p>Folgende Ereignisse fanden statt:<\/p>\n<p><strong>1999<\/strong> wurde unser Reitplatz gebaut mit anschlie\u00dfender Fahnenweihe und Einweihung im Jahr <strong>2000<\/strong>, worauf <strong>2001<\/strong> der Reitschulbetrieb (leider 2014 wieder eingestellt) gestartet wurde.<\/p>\n<p style=\"text-align: center;\">\u00a0<a href=\"http:\/\/www.urv-eberstalzell.at\/wp-content\/uploads\/2013\/06\/4.jpg\"><img loading=\"lazy\" decoding=\"async\" src=\"http:\/\/www.urv-eberstalzell.at\/wp-content\/uploads\/2013\/06\/4.jpg\" alt=\"4\" width=\"521\" height=\"384\" \/><\/a><\/p>\n<p align=\"center\"><em>Stoppelrennen: v.l.n.r.: Krammel Gebhart, Holzberger Andrea, Holzberger Cornelia<\/em><\/p>\n<p>&nbsp;<\/p>\n<p>Ein sehr ereignisreiches Jahr <strong>2003<\/strong> umschloss die Mitwirkung bei der Hengstparade in Stadl Paura sowie ein Pferderennen im Rahmen des Europachampionats ebenfalls in Stadl Paura. Auch Ausfl\u00fcge standen auf dem Programm und die Sanierung des Reitplatzes und ein Punschstand auf dem Nikolausmarkt.<\/p>\n<p><strong>2004<\/strong> war der Beitritt zum Landesfachverband f\u00fcr Reiten und Fahren und der Anschaffung von den ersten Vereinsjacken.<\/p>\n<p>Eine Reiterpass- und Reiternadelpr\u00fcfung und ein Ausflug auf die AHI (Amadeus Horse Indoors) Salzburg standen <strong>2006<\/strong> auf dem Programm und unser erstes gro\u00dfes Reitertreffen mit einigen Spring- und Dressurwettbewerben, einer Kinder-Ferienaktion und der Baubeginn des Vereinsheims fanden 2007 statt.<\/p>\n<p>&nbsp;<\/p>\n<p><strong>2008<\/strong> bekamen wir das neue Vereinslogo und die neue Vereinsbekleidung sowie ein weiteres Reitertreffen und auch eine Reiterpass- und Reiternadelpr\u00fcfung wurden durchgef\u00fchrt.<\/p>\n<p style=\"text-align: center;\">\u00a0<a href=\"http:\/\/www.urv-eberstalzell.at\/wp-content\/uploads\/2013\/06\/5.jpg\"><img loading=\"lazy\" decoding=\"async\" src=\"http:\/\/www.urv-eberstalzell.at\/wp-content\/uploads\/2013\/06\/5.jpg\" alt=\"5\" width=\"355\" height=\"537\" \/><\/a><\/p>\n<p style=\"text-align: center;\"><em>Obmann: H\u00f6rtenhuber Helmut auf Berberys<\/em><\/p>\n<p>&nbsp;<\/p>\n<p>Im Jahr <strong>2010<\/strong> hatten wir folgende Veranstaltungen:<\/p>\n<p>Er\u00f6ffnungsfeier der Reitanlage Reichlgut mit Countryabend und Promi-Bullenreiten. Am folgenden Tag kamen viele Besucher zur Feldmesse mit Pferdesegnung und anschlie\u00dfendem Familiennachmittag mit Reitvorf\u00fchrungen.<\/p>\n<p>Auch unsere Reitanf\u00e4nger und Fortgeschrittene konnten ihr K\u00f6nnen bei dem Reiterpass und der Reiternadel unter Beweis stellen. Das Jahr liesen wir mit dem Weihnachtsreiten unserer Mitglieder ausklingen.<\/p>\n<p><strong>2011<\/strong> hatten wir im Sommer unser bekanntes Reitertreffen mit zahlreichen Teilnahmen unser Reiterkollegen aus Nah und Fern. Bei dem allj\u00e4hrlichen Weihnachtsreiten konnten wir unsere Besucher mit unseren Vorf\u00fchrungen begeistern.<\/p>\n<p><strong>2012<\/strong> hatten wir die Vergr\u00f6\u00dferung unseres Reitplatzes von 20 x 40 Meter auf 40 x 60 Meter geplant und durchgef\u00fchrt. Dank unseren Mitgliedern, freiwilligen Helfern sowie auch die finanziellen Unterst\u00fctzungen durch die \u00f6ffentliche Mittel konnte der Bau in k\u00fcrzester Zeit abgewickelt werden. Gro\u00dfen Anklang fand unser erstes Halloweenfest im Herbst 2012 bei den vielen Besuchern.<\/p>\n<p><strong>\u00a02013:<\/strong> Wir hielten unser erstes eint\u00e4giges C-Spring-Turnier erfolgreich ab: Das 1. Nationale Turnier am Reichlgut, das Manfred Voglhuber Ged\u00e4chtnisturnier und zum zweiten Mal das Halloweenfest im Herbst!<\/p>\n<p><strong>\u00a02014:<\/strong> Aufgrund des gro\u00dfen Erfolges im Vorjahr sind wir mutiger geworden: Ein\u00a0 ganzes Wochenende Turnierluft in Eberstalzell. Vom 19. bis 20. Juli 2014 gibts das CDN-C und CSN-C \/ das 2. Nationale Turnier am Reichlgut mit \u00fcber 300 Starter\/innen.<\/p>\n<p>Und nat\u00fcrlich auch wieder f\u00fcr Gro\u00df und Klein &#8211; das Halloweenfest im Herbst<\/p>\n<p>Leider mussten wir aber auch den Reitschulbetrieb einstellen, da unsere liebe Reitlehrerin nach erfolgreicher Ablegung der Pr\u00fcfungen nun ihren Beruf als Tier\u00e4rztin in Angriff nimmt.<\/p>\n<p>&nbsp;<\/p>\n","protected":false},"excerpt":{"rendered":"<p>Der Reitverein Eberstalzell wurde im April 1997 von Karl Krammel, Johann H\u00f6rtenhuber und Manfred Voglhuber gegr\u00fcndet, mit damals bereits 57 Mitgliedern. \u00a0Der Vorstand bestand aus dem Sektionsleiter Karl Krammel und seinem Stellvertreter Johann H\u00f6rtenhuber, dem Kassier Manfred Voglhuber und Stellvertreter Johann St\u00f6ttinger, Schriftf\u00fchrer Rudolf Holzberger und seiner Stellvertreterin Resi Seidner . \u00a0 vorne v.l.n.r.: Breitwimmer [&hellip;]<\/p>\n","protected":false},"author":1,"featured_media":0,"parent":0,"menu_order":6,"comment_status":"closed","ping_status":"closed","template":"","meta":{"footnotes":""},"class_list":["post-2","page","type-page","status-publish","hentry"],"yoast_head":"<!-- This site is optimized with the Yoast SEO plugin v25.1 - https:\/\/yoast.com\/wordpress\/plugins\/seo\/ -->\n<title>CHRONIK - URV Eberstalzell<\/title>\n<meta name=\"description\" content=\"Union Reitverein Eberstalzell\" \/>\n<meta name=\"robots\" content=\"noindex, follow\" \/>\n<meta property=\"og:locale\" content=\"de_DE\" \/>\n<meta property=\"og:type\" content=\"article\" \/>\n<meta property=\"og:title\" content=\"CHRONIK - URV Eberstalzell\" \/>\n<meta property=\"og:description\" content=\"Union Reitverein Eberstalzell\" \/>\n<meta property=\"og:url\" content=\"https:\/\/www.urv-eberstalzell.at\/?page_id=2\" \/>\n<meta property=\"og:site_name\" content=\"URV Eberstalzell\" \/>\n<meta property=\"article:modified_time\" content=\"2018-05-29T07:54:06+00:00\" \/>\n<meta property=\"og:image\" content=\"http:\/\/www.urv-eberstalzell.at\/wp-content\/uploads\/2013\/06\/1.jpg\" \/>\n<meta name=\"twitter:label1\" content=\"Gesch\u00e4tzte Lesezeit\" \/>\n\t<meta name=\"twitter:data1\" content=\"4\u00a0Minuten\" \/>\n<script type=\"application\/ld+json\" class=\"yoast-schema-graph\">{\"@context\":\"https:\/\/schema.org\",\"@graph\":[{\"@type\":\"WebPage\",\"@id\":\"https:\/\/www.urv-eberstalzell.at\/?page_id=2\",\"url\":\"https:\/\/www.urv-eberstalzell.at\/?page_id=2\",\"name\":\"CHRONIK - URV Eberstalzell\",\"isPartOf\":{\"@id\":\"https:\/\/www.urv-eberstalzell.at\/#website\"},\"primaryImageOfPage\":{\"@id\":\"https:\/\/www.urv-eberstalzell.at\/?page_id=2#primaryimage\"},\"image\":{\"@id\":\"https:\/\/www.urv-eberstalzell.at\/?page_id=2#primaryimage\"},\"thumbnailUrl\":\"http:\/\/www.urv-eberstalzell.at\/wp-content\/uploads\/2013\/06\/1.jpg\",\"datePublished\":\"2013-06-17T16:02:19+00:00\",\"dateModified\":\"2018-05-29T07:54:06+00:00\",\"description\":\"Union Reitverein Eberstalzell\",\"breadcrumb\":{\"@id\":\"https:\/\/www.urv-eberstalzell.at\/?page_id=2#breadcrumb\"},\"inLanguage\":\"de\",\"potentialAction\":[{\"@type\":\"ReadAction\",\"target\":[\"https:\/\/www.urv-eberstalzell.at\/?page_id=2\"]}]},{\"@type\":\"ImageObject\",\"inLanguage\":\"de\",\"@id\":\"https:\/\/www.urv-eberstalzell.at\/?page_id=2#primaryimage\",\"url\":\"https:\/\/www.urv-eberstalzell.at\/wp-content\/uploads\/2013\/06\/1.jpg\",\"contentUrl\":\"https:\/\/www.urv-eberstalzell.at\/wp-content\/uploads\/2013\/06\/1.jpg\",\"width\":344,\"height\":344},{\"@type\":\"BreadcrumbList\",\"@id\":\"https:\/\/www.urv-eberstalzell.at\/?page_id=2#breadcrumb\",\"itemListElement\":[{\"@type\":\"ListItem\",\"position\":1,\"name\":\"Startseite\",\"item\":\"https:\/\/www.urv-eberstalzell.at\/\"},{\"@type\":\"ListItem\",\"position\":2,\"name\":\"CHRONIK\"}]},{\"@type\":\"WebSite\",\"@id\":\"https:\/\/www.urv-eberstalzell.at\/#website\",\"url\":\"https:\/\/www.urv-eberstalzell.at\/\",\"name\":\"URV Eberstalzell\",\"description\":\"\",\"potentialAction\":[{\"@type\":\"SearchAction\",\"target\":{\"@type\":\"EntryPoint\",\"urlTemplate\":\"https:\/\/www.urv-eberstalzell.at\/?s={search_term_string}\"},\"query-input\":{\"@type\":\"PropertyValueSpecification\",\"valueRequired\":true,\"valueName\":\"search_term_string\"}}],\"inLanguage\":\"de\"}]}<\/script>\n<!-- \/ Yoast SEO plugin. -->","yoast_head_json":{"title":"CHRONIK - URV Eberstalzell","description":"Union Reitverein Eberstalzell","robots":{"index":"noindex","follow":"follow"},"og_locale":"de_DE","og_type":"article","og_title":"CHRONIK - URV Eberstalzell","og_description":"Union Reitverein Eberstalzell","og_url":"https:\/\/www.urv-eberstalzell.at\/?page_id=2","og_site_name":"URV Eberstalzell","article_modified_time":"2018-05-29T07:54:06+00:00","og_image":[{"url":"http:\/\/www.urv-eberstalzell.at\/wp-content\/uploads\/2013\/06\/1.jpg","type":"","width":"","height":""}],"twitter_misc":{"Gesch\u00e4tzte Lesezeit":"4\u00a0Minuten"},"schema":{"@context":"https:\/\/schema.org","@graph":[{"@type":"WebPage","@id":"https:\/\/www.urv-eberstalzell.at\/?page_id=2","url":"https:\/\/www.urv-eberstalzell.at\/?page_id=2","name":"CHRONIK - URV Eberstalzell","isPartOf":{"@id":"https:\/\/www.urv-eberstalzell.at\/#website"},"primaryImageOfPage":{"@id":"https:\/\/www.urv-eberstalzell.at\/?page_id=2#primaryimage"},"image":{"@id":"https:\/\/www.urv-eberstalzell.at\/?page_id=2#primaryimage"},"thumbnailUrl":"http:\/\/www.urv-eberstalzell.at\/wp-content\/uploads\/2013\/06\/1.jpg","datePublished":"2013-06-17T16:02:19+00:00","dateModified":"2018-05-29T07:54:06+00:00","description":"Union Reitverein Eberstalzell","breadcrumb":{"@id":"https:\/\/www.urv-eberstalzell.at\/?page_id=2#breadcrumb"},"inLanguage":"de","potentialAction":[{"@type":"ReadAction","target":["https:\/\/www.urv-eberstalzell.at\/?page_id=2"]}]},{"@type":"ImageObject","inLanguage":"de","@id":"https:\/\/www.urv-eberstalzell.at\/?page_id=2#primaryimage","url":"https:\/\/www.urv-eberstalzell.at\/wp-content\/uploads\/2013\/06\/1.jpg","contentUrl":"https:\/\/www.urv-eberstalzell.at\/wp-content\/uploads\/2013\/06\/1.jpg","width":344,"height":344},{"@type":"BreadcrumbList","@id":"https:\/\/www.urv-eberstalzell.at\/?page_id=2#breadcrumb","itemListElement":[{"@type":"ListItem","position":1,"name":"Startseite","item":"https:\/\/www.urv-eberstalzell.at\/"},{"@type":"ListItem","position":2,"name":"CHRONIK"}]},{"@type":"WebSite","@id":"https:\/\/www.urv-eberstalzell.at\/#website","url":"https:\/\/www.urv-eberstalzell.at\/","name":"URV Eberstalzell","description":"","potentialAction":[{"@type":"SearchAction","target":{"@type":"EntryPoint","urlTemplate":"https:\/\/www.urv-eberstalzell.at\/?s={search_term_string}"},"query-input":{"@type":"PropertyValueSpecification","valueRequired":true,"valueName":"search_term_string"}}],"inLanguage":"de"}]}},"_links":{"self":[{"href":"https:\/\/www.urv-eberstalzell.at\/index.php?rest_route=\/wp\/v2\/pages\/2","targetHints":{"allow":["GET"]}}],"collection":[{"href":"https:\/\/www.urv-eberstalzell.at\/index.php?rest_route=\/wp\/v2\/pages"}],"about":[{"href":"https:\/\/www.urv-eberstalzell.at\/index.php?rest_route=\/wp\/v2\/types\/page"}],"author":[{"embeddable":true,"href":"https:\/\/www.urv-eberstalzell.at\/index.php?rest_route=\/wp\/v2\/users\/1"}],"replies":[{"embeddable":true,"href":"https:\/\/www.urv-eberstalzell.at\/index.php?rest_route=%2Fwp%2Fv2%2Fcomments&post=2"}],"version-history":[{"count":12,"href":"https:\/\/www.urv-eberstalzell.at\/index.php?rest_route=\/wp\/v2\/pages\/2\/revisions"}],"predecessor-version":[{"id":1231,"href":"https:\/\/www.urv-eberstalzell.at\/index.php?rest_route=\/wp\/v2\/pages\/2\/revisions\/1231"}],"wp:attachment":[{"href":"https:\/\/www.urv-eberstalzell.at\/index.php?rest_route=%2Fwp%2Fv2%2Fmedia&parent=2"}],"curies":[{"name":"wp","href":"https:\/\/api.w.org\/{rel}","templated":true}]}}